{"id":6,"date":"2024-09-10T17:16:42","date_gmt":"2024-09-10T15:16:42","guid":{"rendered":"https:\/\/tormentas-back.eidedesign.eus\/?page_id=6"},"modified":"2024-09-28T10:13:31","modified_gmt":"2024-09-28T08:13:31","slug":"meteo","status":"publish","type":"page","link":"https:\/\/tormentas-back.eidedesign.eus\/index.php\/meteo\/","title":{"rendered":"Meteo"},"content":{"rendered":"","protected":false},"excerpt":{"rendered":"","protected":false},"author":1,"featured_media":0,"parent":0,"menu_order":0,"comment_status":"closed","ping_status":"closed","template":"","meta":{"_acf_changed":false,"footnotes":""},"class_list":["post-6","page","type-page","status-publish","hentry"],"acf":{"rain_es":"<ol>\r\n \t<li>\u00bfLlev\u00e1is un control sobre el tiempo? \u00a1Pod\u00e9is activar una cuenta atr\u00e1s en cada combinaci\u00f3n para no irnos por las ramas!<\/li>\r\n \t<li>\u00a1Ey! \u00bfEst\u00e1is apuntando las ideas fuerza tras cada reflexi\u00f3n? \u00a1No os olvid\u00e9is de hacerlo!<\/li>\r\n \t<li>Algunas preguntas son tan inspiradoras\u2026 \u00a1Que enamoran! \u00a1Recordad que pod\u00e9is hacer capturas de pantalla o anotar aquellas que m\u00e1s os gusten!<\/li>\r\n \t<li>Tal vez sea hora de tomarse un caf\u00e9\u2026 \u00a1Invito yo!<\/li>\r\n \t<li>Moverse activa la creatividad\u2026\u00a1Levantaos, pasead, cambiaos de sitio\u2026\u00a0para continuar con la reflexi\u00f3n!<\/li>\r\n \t<li>\u00bfMucho tiempo en la misma combinaci\u00f3n \u00e1mbito-palanca? \u00a1Explorad las dem\u00e1s!<\/li>\r\n \t<li>\u00bfA qui\u00e9n le ha comido la lengua el gato? \u00a1La persona que menos haya hablado del grupo comienza la reflexi\u00f3n en la siguiente combinaci\u00f3n!<\/li>\r\n \t<li>\u00a1Momento selfie! Tomad una foto de grupo ahora. \u00a1Este es el equipo que est\u00e1 revolucionando la empresa!<\/li>\r\n \t<li>\u00a1Minuto de silencio! Reflexionad en silencio durante un minuto y luego compartid una idea que os haya venido a la mente...<\/li>\r\n \t<li>\u00a1Mensaje motivador! Recordad, no hay malas ideas. \u00a1Cada idea puede ser el inicio de una gran innovaci\u00f3n!<\/li>\r\n \t<li>\u00a1Momento de inspiraci\u00f3n! Compartid lo que m\u00e1s os ha inspirado hasta ahora...<\/li>\r\n \t<li>\u00a1Flash de aprendizaje! Compartid un aprendizaje clave y c\u00f3mo aplicarlo...<\/li>\r\n \t<li>\u00a1Chispa de motivaci\u00f3n! Compartid algo que os ha motivado y c\u00f3mo podr\u00eda ser integrado en vuestro d\u00eda a d\u00eda...<\/li>\r\n \t<li>\u00a1Lluvia creativa! Dad rienda suelta a vuestras ideas m\u00e1s locas y creativas... (sin l\u00edmites ni restricciones)<\/li>\r\n \t<li>\u00a1Sali\u00f3 el arco iris! Compartid un peque\u00f1o \u00e9xito o victoria de vuestra organizaci\u00f3n que sirva de inspiraci\u00f3n para futuros \u00e9xitos...<\/li>\r\n \t<li>\u00bfEst\u00e1is aprovechando el potencial de la diversidad de vuestro grupo de reflexi\u00f3n? Alternad la reflexi\u00f3n individual, el di\u00e1logo por parejas, la exploraci\u00f3n por subgrupos y el mestizaje de generaciones, culturas\u2026<\/li>\r\n<\/ol>","rain_eu":"<ol><li>Denboraren kontrolik bai? Konbinazio bakoitzean atzerako kontaketa bat aktibatu dezakezue adarretan ez galtzeko!<\/li>\r\n<li>Aizu! Gogoeta bakoitzaren ondoren, ideia indartsuak apuntatzen ari al zarete? Ez ahaztu hori egitea!<\/li>\r\n<li>Galdera batzuk oso inspiratzaileak dira... Maitemindu egiten gaituzte! Gogoratu pantaila harrapaketak egin ditzakezuela edo gustukoen dituzuenak idatzi!<\/li>\r\n<li>Agian kafe bat hartzeko ordua da... Gonbitea nire kontu!<\/li>\r\n<li>Mugitzeak sormena hobetzen du... Jaiki, paseatu, lekuz aldatu... gogoetarekin jarraitzeko!<\/li>\r\n<li>Denbora asko esparru-palanka konbinazio berean? Esploratu gainerakoak!<\/li>\r\n<li>Nori jan dio mingaina katuak? Taldean gutxien hitz egin duen pertsonak hurrengo konbinazioan gogoeta hasiko du!<\/li>\r\n<li>Selfie unea! Hartu taldeko argazkia orain. Hau da enpresa iraultzen ari den taldea!<\/li>\r\n<li>Minutuko isilunea! Hausnartu isilean minutu batez eta gero burura etorri zaizuen ideia bat partekatu...<\/li>\r\n<li>Mezu motibagarria! Gogoratu, ez dago ideia txarrik. Ideia bakoitza berrikuntza handi baten hasiera izan daiteke!<\/li>\r\n<li>Inspirazio unea! Partekatu orain arte gehien inspiratu zaituztena.<\/li>\r\n<li>Ikasteko flasha! Partekatu ikaskuntza giltzarri bat eta nola aplikatu.<\/li>\r\n<li>Motibazioaren txinparta! Partekatu motibatu zaituzten zerbait eta zuen egunerokotasunean nola integratu litzatekeen...<\/li>\r\n<li>Sormenezko euria! Zuen ideia zoro eta sortzaileenak askatu (mugarik eta murrizketarik gabe)...<\/li>\r\n<li>Ortzadarra atera da! Partekatu zuen erakundearen arrakasta edo garaipen txiki bat, etorkizuneko arrakastetarako inspirazio iturri izango dena...<\/li>\r\n<li>Zuen gogoeta taldearen aniztasunaren potentziala aprobetxatzen ari al zarete? Tartekatu banakako gogoeta, bikotekako elkarrizketa, azpitaldeen araberako esplorazioa eta belaunaldien, kulturen eta abarren mestizajea...<\/li>\r\n<\/ol>","rain_en":"<ol>\r\n<li>Do you keep track of time? You can start a countdown for each combination so that we don\u2019t go off the rails!<\/li>\r\n<li>Hey, are you writing down the main ideas behind each idea? Don't forget!<\/li>\r\n<li>Some of these questions are so inspiring, you\u2019ll fall in love with them. Remember that you can take screenshots or write down the ideas you like most.<\/li>\r\n<li>Time for a coffee break. I\u2019ll get it!<\/li>\r\n<li>Moving activates creativity. Get up, walk around, swap places \u2013 keep thinking! <\/li>\r\n<li>Too much time on the same combination of scope and lever? Explore others!<\/li>\r\n<li>Cat got your tongue? The person who has spoken the least in the group gets the thinking started in the next combination!<\/li>\r\n<li>Selfie time! Take a group photo of the team that's revolutionising the company.<\/li>\r\n<li>One minute of silence! Reflect in silence for one minute and then share an idea that came to mind.<\/li>\r\n<li>Motivational message! Remember, there are no bad ideas \u2013 every idea can be the start of a great innovation.<\/li>\r\n<li>Inspiration time! Share what has inspired you most so far.<\/li>\r\n<li>Learning flash! Share a key learning and how to apply it.<\/li>\r\n<li>Sparking motivation! Share something that has motivated you and how it could be integrated into your daily life. <\/li>\r\n<li>Brainstorming! Give free rein to your craziest and most creative ideas (with no limits or restrictions).<\/li>\r\n<li>The rainbow has come out! Share a small success or victory of your organisation to inspire future successes.<\/li>\r\n<li>Are you tapping into the potential of the diversity of your thinking group? Alternate individual reflection, dialogue in pairs, exploring in subgroups and transgenerational, transcultural exploration.<\/li>\r\n<\/ol>","ray_es":"<ol>\r\n \t<li>\u00a1Lanzad un reto para vuestro equipo, organizaci\u00f3n o ecosistema! \u201c\u00bfC\u00f3mo podr\u00edamos\u2026?\u201d<\/li>\r\n \t<li>\u00a1A la deriva! Aterrizad vuestras propias preguntas para abrir nuevas posibilidades...<\/li>\r\n \t<li>\u00a1Vientos de cambio! \u00bfQu\u00e9 h\u00e1bitos, procesos o estrategias deber\u00edais cuestionar o reinventar ya mismo?<\/li>\r\n \t<li>\u00a1Navegad con rumbo! \u00bfQu\u00e9 claves de vuestro prop\u00f3sito deber\u00edan preservarse y cu\u00e1les evolucionar?<\/li>\r\n \t<li>\u00a1Izad las velas! Sugerid evoluciones o nuevas estrategias para vuestra organizaci\u00f3n...<\/li>\r\n \t<li>\u00a1Agarrad el tim\u00f3n! Identificad un \u00e1rea de mejora \u00bfCu\u00e1l ser\u00eda el primer paso a dar?<\/li>\r\n \t<li>\u00a1Al abordaje! Pensad en una acci\u00f3n\/iniciativa que pod\u00e1is tomar hoy mismo\u2026 el tama\u00f1o no importa, \u00a1el impacto s\u00ed!<\/li>\r\n<\/ol>","ray_eu":"<ol><li>Zure taldeari, erakundeari edo ekosistemari erronka jarri! \"Nola lortu genezake...?\"<\/li>\r\n<li>Noraezean! Lurreratu zuen galderak aukera berriak irekitzeko.<\/li>\r\n<li>Aldaketa haizeak! Zer ohitura, prozesu edo estrategia zalantzan jarri edo berrasmatu beharko zenituzkete unetik bertatik?<\/li>\r\n<li>Norabide egokian nabigatu! Zeintzuk dira mantendu beharreko zuen xedearen gakoak eta zeintzuk bilaka arazi beharko liratekeenak?<\/li>\r\n<li>Belak zabaldu! Zuen erakundearentzako eboluzio edo estrategia berriak proposatu.<\/li>\r\n<li>Heldu lemari! Hobekuntza arlo bat identifikatu. Zein izango litzateke eman beharreko lehen urratsa?<\/li>\r\n<li>Abordatu! Pentsatu gaur bertan har dezakezuen ekintza\/ekimen batean... tamainak ez du axola, inpaktuak bai!<\/li>\r\n<\/ol>","ray_en":"<ol>\r\n<li>Set a challenge for your team, organisation or ecosystem! \"How could we...?\" <\/li>\r\n<li>Let's drift! Bring your questions down to earth to open up new possibilities.<\/li>\r\n<li>What habits, processes, or strategies should you question or reinvent right now?<\/li>\r\n<li>Set a course! Which key factors in your purpose should be preserved and which should evolve?<\/li>\r\n<li> Hoist the sails! Suggest ways to evolve or new strategies for your organisation.<\/li>\r\n<li>Take the helm! Identify an area for improvement What would be the first step to take?<\/li>\r\n<li>Get on board! Think of an action\/initiative you can take today. Size doesn't matter, impact does.<\/li><\/ol>"},"_links":{"self":[{"href":"https:\/\/tormentas-back.eidedesign.eus\/index.php\/wp-json\/wp\/v2\/pages\/6","targetHints":{"allow":["GET"]}}],"collection":[{"href":"https:\/\/tormentas-back.eidedesign.eus\/index.php\/wp-json\/wp\/v2\/pages"}],"about":[{"href":"https:\/\/tormentas-back.eidedesign.eus\/index.php\/wp-json\/wp\/v2\/types\/page"}],"author":[{"embeddable":true,"href":"https:\/\/tormentas-back.eidedesign.eus\/index.php\/wp-json\/wp\/v2\/users\/1"}],"replies":[{"embeddable":true,"href":"https:\/\/tormentas-back.eidedesign.eus\/index.php\/wp-json\/wp\/v2\/comments?post=6"}],"version-history":[{"count":9,"href":"https:\/\/tormentas-back.eidedesign.eus\/index.php\/wp-json\/wp\/v2\/pages\/6\/revisions"}],"predecessor-version":[{"id":697,"href":"https:\/\/tormentas-back.eidedesign.eus\/index.php\/wp-json\/wp\/v2\/pages\/6\/revisions\/697"}],"wp:attachment":[{"href":"https:\/\/tormentas-back.eidedesign.eus\/index.php\/wp-json\/wp\/v2\/media?parent=6"}],"curies":[{"name":"wp","href":"https:\/\/api.w.org\/{rel}","templated":true}]}}