{"id":24,"date":"2024-09-11T09:02:42","date_gmt":"2024-09-11T07:02:42","guid":{"rendered":"https:\/\/tormentas-back.eidedesign.eus\/?page_id=24"},"modified":"2024-09-19T15:27:53","modified_gmt":"2024-09-19T13:27:53","slug":"ambitos_es","status":"publish","type":"page","link":"https:\/\/tormentas-back.eidedesign.eus\/index.php\/ambitos_es\/","title":{"rendered":"Ambitos_es"},"content":{"rendered":"<h2>\u00c1mbitos de<br \/>\nreflexi\u00f3n y acci\u00f3n<\/h2>\n<p>\u00c1reas de impacto para la transformaci\u00f3n de nuestras organizaciones, su capacidad de innovaci\u00f3n y su habilidad para adaptarse y evolucionar en tiempos de incertidumbre.<\/p>\n<p>Proporcionan una comprensi\u00f3n profunda de la situaci\u00f3n actual y futura, permitiendo tomar decisiones estrat\u00e9gicas informadas y coherentes con los objetivos y valores de la empresa.<\/p>\n","protected":false},"excerpt":{"rendered":"<p>\u00c1mbitos de reflexi\u00f3n y acci\u00f3n \u00c1reas de impacto para la transformaci\u00f3n de nuestras organizaciones, su capacidad de innovaci\u00f3n y su habilidad para adaptarse y evolucionar en tiempos de incertidumbre. Proporcionan una comprensi\u00f3n profunda de la situaci\u00f3n actual y futura, permitiendo tomar decisiones estrat\u00e9gicas informadas y coherentes con los objetivos y valores de la empresa.<\/p>\n","protected":false},"author":1,"featured_media":0,"parent":0,"menu_order":0,"comment_status":"closed","ping_status":"closed","template":"","meta":{"_acf_changed":false,"footnotes":""},"class_list":["post-24","page","type-page","status-publish","hentry"],"acf":{"a1":"Visi\u00f3n y <\/br>acci\u00f3n <\/br>colectiva","ambito_a1":"<h3>Visi\u00f3n y acci\u00f3n colectiva<\/h3>\r\nPensar desde lo colectivo, sentirnos parte de un objetivo com\u00fan.<br\/>Comprensi\u00f3n compartida de un futuro deseado.","a2":"Visi\u00f3n <\/br>de futuro","ambito_a2":"<h3>Visi\u00f3n de futuro en tiempos de incertidumbre<\/h3>\r\nHacia un futuro deseable con un prop\u00f3sito claro.","a3":"Visi\u00f3n y <\/br>acci\u00f3n <\/br>sist\u00e9mica","ambito_a3":"<h3>Visi\u00f3n y acci\u00f3n sist\u00e9mica<\/h3>\r\nAnalizar el todo como un sistema complejo en el que detectar a todos los agentes, dibujar sus interconexiones y ver como las acciones afectan al propio sistema.","a4":"Altruismo, <\/br>educaci\u00f3n <\/br>y \u00e9tica ","ambito_a4":"<h3>Altruismo, educaci\u00f3n y \u00e9tica<\/h3>\r\nLa supervivencia del m\u00e1s amable*.\r\n<br\/><br\/>\r\n<em>*Hare, B. and Wood, V. (2020) Survival of the Friendliest: Understanding Our Origins and Rediscovering Our Common Humanity. New York, NY: Random House.<\/em>"},"_links":{"self":[{"href":"https:\/\/tormentas-back.eidedesign.eus\/index.php\/wp-json\/wp\/v2\/pages\/24","targetHints":{"allow":["GET"]}}],"collection":[{"href":"https:\/\/tormentas-back.eidedesign.eus\/index.php\/wp-json\/wp\/v2\/pages"}],"about":[{"href":"https:\/\/tormentas-back.eidedesign.eus\/index.php\/wp-json\/wp\/v2\/types\/page"}],"author":[{"embeddable":true,"href":"https:\/\/tormentas-back.eidedesign.eus\/index.php\/wp-json\/wp\/v2\/users\/1"}],"replies":[{"embeddable":true,"href":"https:\/\/tormentas-back.eidedesign.eus\/index.php\/wp-json\/wp\/v2\/comments?post=24"}],"version-history":[{"count":21,"href":"https:\/\/tormentas-back.eidedesign.eus\/index.php\/wp-json\/wp\/v2\/pages\/24\/revisions"}],"predecessor-version":[{"id":360,"href":"https:\/\/tormentas-back.eidedesign.eus\/index.php\/wp-json\/wp\/v2\/pages\/24\/revisions\/360"}],"wp:attachment":[{"href":"https:\/\/tormentas-back.eidedesign.eus\/index.php\/wp-json\/wp\/v2\/media?parent=24"}],"curies":[{"name":"wp","href":"https:\/\/api.w.org\/{rel}","templated":true}]}}